{"id":1122,"date":"2016-06-12T21:54:14","date_gmt":"2016-06-12T21:54:14","guid":{"rendered":"http:\/\/localhost:8000\/?page_id=1122"},"modified":"2017-06-16T21:54:44","modified_gmt":"2017-06-16T21:54:44","slug":"folgende-techniken","status":"publish","type":"page","link":"https:\/\/musicschool-six-strings.de\/?page_id=1122","title":{"rendered":"Folgende Techniken"},"content":{"rendered":"<strong>werden geschult:<\/strong><p><br>\r\n\r\n&#8211; Verbesserung der Spieltechniken<p>\r\n\r\n&#8211; Zupftechnik<p>\r\n\r\n&#8211; Finger\u00fcbungen<p>\r\n\r\n&#8211; Liedbegleitung<p>\r\n\r\n&#8211; Grundakkorde<p>\r\n\r\n&#8211; Tabulaturen \/ Notenlehre<p>\r\n\r\n&#8211; Dreiklangformen \/ erweiterte Akkorde<p>\r\n\r\n&#8211; Barr\u00e9-Akkorde<p>\r\n\r\n&#8211; Rythmuslehre<p>\r\n\r\n&#8211; Leichtes bis schweres Solospiel<p>\r\n\r\n&#8211; Pentatonik\u00fcbungen<p>\r\n\r\n&#8211; Bluesbegleitung<p>\r\n\r\n&#8211; Heraush\u00f6ren und Nachspielen der Lieblingssongs \/ Lieblingssolos<p>\r\n\r\n&#8211; Legatotechnik<p>\r\n\r\n&#8211; Improvisation<p><br>\r\n\r\n<strong>Au\u00dferdem<\/strong><p>\r\n\r\nHarmonielehre &#8211; Geh\u00f6rbildung &#8211; Fr\u00fcherziehung &#8211; Arrangement &#8211; Kaufberatung &#8211; Gutscheine &#8211; <br>Technikberatung &#8211; Aufnahmetechniken und vieles mehr &#8230;","protected":false},"excerpt":{"rendered":"<p>werden geschult: &#8211; Verbesserung der Spieltechniken &#8211; Zupftechnik &#8211; Finger\u00fcbungen &#8211; Liedbegleitung &#8211; Grundakkorde &#8211; Tabulaturen \/ Notenlehre &#8211; Dreiklangformen \/ erweiterte Akkorde &#8211; Barr\u00e9-Akkorde &#8211; Rythmuslehre &#8211; Leichtes bis schweres Solospiel &#8211; Pentatonik\u00fcbungen &#8211; Bluesbegleitung &#8211; Heraush\u00f6ren und Nachspielen der Lieblingssongs \/ Lieblingssolos &#8211; Legatotechnik &#8211; Improvisation Au\u00dferdem Harmonielehre &#8211; Geh\u00f6rbildung &#8211; Fr\u00fcherziehung &#8211; [&hellip;]<\/p>\n","protected":false},"author":2,"featured_media":0,"parent":0,"menu_order":0,"comment_status":"closed","ping_status":"closed","template":"","meta":{"_exactmetrics_skip_tracking":false,"_exactmetrics_sitenote_active":false,"_exactmetrics_sitenote_note":"","_exactmetrics_sitenote_category":0,"footnotes":""},"class_list":["post-1122","page","type-page","status-publish","hentry"],"_links":{"self":[{"href":"https:\/\/musicschool-six-strings.de\/index.php?rest_route=\/wp\/v2\/pages\/1122","targetHints":{"allow":["GET"]}}],"collection":[{"href":"https:\/\/musicschool-six-strings.de\/index.php?rest_route=\/wp\/v2\/pages"}],"about":[{"href":"https:\/\/musicschool-six-strings.de\/index.php?rest_route=\/wp\/v2\/types\/page"}],"author":[{"embeddable":true,"href":"https:\/\/musicschool-six-strings.de\/index.php?rest_route=\/wp\/v2\/users\/2"}],"replies":[{"embeddable":true,"href":"https:\/\/musicschool-six-strings.de\/index.php?rest_route=%2Fwp%2Fv2%2Fcomments&post=1122"}],"version-history":[{"count":3,"href":"https:\/\/musicschool-six-strings.de\/index.php?rest_route=\/wp\/v2\/pages\/1122\/revisions"}],"predecessor-version":[{"id":1125,"href":"https:\/\/musicschool-six-strings.de\/index.php?rest_route=\/wp\/v2\/pages\/1122\/revisions\/1125"}],"wp:attachment":[{"href":"https:\/\/musicschool-six-strings.de\/index.php?rest_route=%2Fwp%2Fv2%2Fmedia&parent=1122"}],"curies":[{"name":"wp","href":"https:\/\/api.w.org\/{rel}","templated":true}]}}