{"id":738,"date":"2015-11-16T16:59:01","date_gmt":"2015-11-16T16:59:01","guid":{"rendered":"http:\/\/localhost:8000\/?page_id=738"},"modified":"2026-03-14T09:32:52","modified_gmt":"2026-03-14T09:32:52","slug":"herzlich-willkommen-der-musicschool-six-strings-professioneller-gitarrenunterricht-bassunterricht","status":"publish","type":"page","link":"https:\/\/musicschool-six-strings.de\/","title":{"rendered":"Herzlich Willkommen"},"content":{"rendered":"<h3 style=\"text-align: center;\">Professioneller Gitarrenunterricht und Bassunterricht<\/h3><br \/>\n<p class=\"p1\"><strong>Herzlich Willkommen in der MUSICSCHOOL SIX STRINGS<\/strong><\/p>\n<p class=\"p1\">Mein Name ist Michael Hofem. Seit \u00fcber 15 Jahren gebe ich <b>professionellen Gitarrenunterricht und Bassunterricht f\u00fcr jedes Alter<\/b> in meiner Musikschule in Gau-Algesheim (Rheinhessen, zwischen Ingelheim und Bingen).<\/p>\n<p class=\"p1\"><\/p>\n<p class=\"p1\">In der MUSICSCHOOL SIX STRINGS lernst du spielend <b>Gitarre, Bass und Ukulele<\/b>, in lockerer Atmosph\u00e4re und<b> nach den neuesten Unterrichtsmethoden.<\/b> Der leicht verst\u00e4ndlich, praxisnah und logisch aufgebaute Unterricht ist f\u00fcr Kinder, Jugendliche und Erwachsene jeden Alters vom Anf\u00e4nger bis zum Semiprofi geeignet.<\/p>\n<p class=\"p1\"><\/p>\n<p class=\"p1\">Egal ob Rock, Blues, Metal, Jazz, Klassik oder Pop \u2013 <b>am Anfang steht der Spa\u00df.<\/b> Deshalb gestalte ich meinen modernen Unterricht <b>individuell nach deinen musikalischen W\u00fcnschen<\/b>, anhand Songs deiner Vorbilder und Lieblingsbands. <b>Notenkenntnisse sind hierf\u00fcr nicht erforderlich<\/b>, gerne lasse ich aber auch Notation in den Gitarrenunterricht und Bassunterricht mit einflie\u00dfen.<\/p>\n<p class=\"p1\"><\/p>\n<p class=\"p1\">Nach jeder Stunde erh\u00e4ltst du <b>Unterrichtsmaterial<\/b> um das Neuerlente zu Hause zu festigen und dich Schritt f\u00fcr Schritt fit zu machen auf dem Weg zu <b>deinem ganz pers\u00f6nlichen musikalischen Ziel<\/b>. Dein \u00dcbungsmaterial (<b>Noten, H\u00f6rbeispiele und Videoaufnahmen von mir<\/b>) steht jederzeit auf <b>meinem Server zum Download<\/b> f\u00fcr dich bereit.<\/p>\n<p class=\"p1\"><\/p>\n<p class=\"p1\">Du bist unterwegs und kannst deinen Gitarrenunterricht vor Ort nicht wahrnehmen? Dann nimm ihn einfach <b>Online<\/b>, in <b>guter Bild- und Tonqualit\u00e4t mit mehereren Kamera&#8217;s aus verschiedenen Blickwickeln<\/b> \u00fcber Teams, Facetime, Signal oder What&#8217;s App.<\/p>\n<p class=\"p1\"><\/p>\n<p class=\"p1\">Um deine <b>individuellen Fragen zu kl\u00e4ren<\/b>, nutze das <b>Kontaktformular<\/b> oder melde dich<b> telefonisch bei mir <\/b> und vereinbare noch heute deine <b> KOSTENLOSE PROBESTUNDE.<\/b><\/p>\n<p class=\"p1\"><\/p>\n<p class=\"p1\">Michael<\/p>\n<p style=\"text-align: center;\"><\/p>","protected":false},"excerpt":{"rendered":"<p>Professioneller Gitarrenunterricht und Bassunterricht Herzlich Willkommen in der MUSICSCHOOL SIX STRINGS Mein Name ist Michael Hofem. Seit \u00fcber 15 Jahren gebe ich professionellen Gitarrenunterricht und Bassunterricht f\u00fcr jedes Alter in meiner Musikschule in Gau-Algesheim (Rheinhessen, zwischen Ingelheim und Bingen). In der MUSICSCHOOL SIX STRINGS lernst du spielend Gitarre, Bass und Ukulele, in lockerer Atmosph\u00e4re und [&hellip;]<\/p>\n","protected":false},"author":1,"featured_media":0,"parent":0,"menu_order":0,"comment_status":"closed","ping_status":"closed","template":"","meta":{"_exactmetrics_skip_tracking":false,"_exactmetrics_sitenote_active":false,"_exactmetrics_sitenote_note":"","_exactmetrics_sitenote_category":0,"footnotes":""},"class_list":["post-738","page","type-page","status-publish","hentry"],"_links":{"self":[{"href":"https:\/\/musicschool-six-strings.de\/index.php?rest_route=\/wp\/v2\/pages\/738","targetHints":{"allow":["GET"]}}],"collection":[{"href":"https:\/\/musicschool-six-strings.de\/index.php?rest_route=\/wp\/v2\/pages"}],"about":[{"href":"https:\/\/musicschool-six-strings.de\/index.php?rest_route=\/wp\/v2\/types\/page"}],"author":[{"embeddable":true,"href":"https:\/\/musicschool-six-strings.de\/index.php?rest_route=\/wp\/v2\/users\/1"}],"replies":[{"embeddable":true,"href":"https:\/\/musicschool-six-strings.de\/index.php?rest_route=%2Fwp%2Fv2%2Fcomments&post=738"}],"version-history":[{"count":105,"href":"https:\/\/musicschool-six-strings.de\/index.php?rest_route=\/wp\/v2\/pages\/738\/revisions"}],"predecessor-version":[{"id":1506,"href":"https:\/\/musicschool-six-strings.de\/index.php?rest_route=\/wp\/v2\/pages\/738\/revisions\/1506"}],"wp:attachment":[{"href":"https:\/\/musicschool-six-strings.de\/index.php?rest_route=%2Fwp%2Fv2%2Fmedia&parent=738"}],"curies":[{"name":"wp","href":"https:\/\/api.w.org\/{rel}","templated":true}]}}